{"id":29,"date":"2024-11-12T12:26:06","date_gmt":"2024-11-12T12:26:06","guid":{"rendered":"https:\/\/www.zaslon-media.hr\/wordpress\/?page_id=29"},"modified":"2024-11-13T10:39:17","modified_gmt":"2024-11-13T10:39:17","slug":"kontakt","status":"publish","type":"page","link":"https:\/\/www.zaslon-media.hr\/index.php\/kontakt\/","title":{"rendered":"KONTAKT"},"content":{"rendered":"<style>.kb-row-layout-id29_80c54e-2d > .kt-row-column-wrap{align-content:start;}:where(.kb-row-layout-id29_80c54e-2d > .kt-row-column-wrap) > .wp-block-kadence-column{justify-content:start;}.kb-row-layout-id29_80c54e-2d > .kt-row-column-wrap{column-gap:var(--global-kb-gap-md, 2rem);row-gap:var(--global-kb-gap-md, 2rem);max-width:700px;margin-left:auto;margin-right:auto;padding-top:var(--global-kb-spacing-xxl, 5rem);padding-bottom:var(--global-kb-spacing-xxl, 5rem);grid-template-columns:minmax(0, 1fr);}.kb-row-layout-id29_80c54e-2d > .kt-row-layout-overlay{opacity:0.85;background-color:var(--global-palette9, #ffffff);}@media all and (max-width: 1024px){.kb-row-layout-id29_80c54e-2d > .kt-row-column-wrap{grid-template-columns:minmax(0, 1fr);}}@media all and (max-width: 767px){.kb-row-layout-id29_80c54e-2d > .kt-row-column-wrap{grid-template-columns:minmax(0, 1fr);}}<\/style><div class=\"kb-row-layout-wrap kb-row-layout-id29_80c54e-2d alignfull has-theme-palette9-background-color kt-row-has-bg wp-block-kadence-rowlayout\"><div class=\"kt-row-layout-overlay kt-row-overlay-normal\"><\/div><div class=\"kt-row-column-wrap kt-has-1-columns kt-row-layout-equal kt-tab-layout-inherit kt-mobile-layout-row kt-row-valign-top\">\n<style>.kadence-column29_f350ec-6c > .kt-inside-inner-col,.kadence-column29_f350ec-6c > .kt-inside-inner-col:before{border-top-left-radius:0px;border-top-right-radius:0px;border-bottom-right-radius:0px;border-bottom-left-radius:0px;}.kadence-column29_f350ec-6c > .kt-inside-inner-col{column-gap:var(--global-kb-gap-sm, 1rem);}.kadence-column29_f350ec-6c > .kt-inside-inner-col{flex-direction:column;}.kadence-column29_f350ec-6c > .kt-inside-inner-col > .aligncenter{width:100%;}.kadence-column29_f350ec-6c > .kt-inside-inner-col:before{opacity:0.3;}.kadence-column29_f350ec-6c{position:relative;}@media all and (max-width: 1024px){.kadence-column29_f350ec-6c > .kt-inside-inner-col{flex-direction:column;}}@media all and (max-width: 767px){.kadence-column29_f350ec-6c > .kt-inside-inner-col{flex-direction:column;}}<\/style>\n<div class=\"wp-block-kadence-column kadence-column29_f350ec-6c inner-column-1\"><div class=\"kt-inside-inner-col\"><style>.wp-block-kadence-advancedheading.kt-adv-heading29_8b08a4-99, .wp-block-kadence-advancedheading.kt-adv-heading29_8b08a4-99[data-kb-block=\"kb-adv-heading29_8b08a4-99\"]{text-align:center;font-size:var(--global-kb-font-size-lg, 2rem);font-style:normal;}.wp-block-kadence-advancedheading.kt-adv-heading29_8b08a4-99 mark.kt-highlight, .wp-block-kadence-advancedheading.kt-adv-heading29_8b08a4-99[data-kb-block=\"kb-adv-heading29_8b08a4-99\"] mark.kt-highlight{font-style:normal;color:#f76a0c;-webkit-box-decoration-break:clone;box-decoration-break:clone;padding-top:0px;padding-right:0px;padding-bottom:0px;padding-left:0px;}<\/style>\n<h2 class=\"kt-adv-heading29_8b08a4-99 wp-block-kadence-advancedheading has-kb-palette-3-color has-text-color\" data-kb-block=\"kb-adv-heading29_8b08a4-99\">KONTAKT<\/h2>\n\n\n<style>.wp-block-kadence-advancedheading.kt-adv-heading29_20250e-a8, .wp-block-kadence-advancedheading.kt-adv-heading29_20250e-a8[data-kb-block=\"kb-adv-heading29_20250e-a8\"]{max-width:550px;margin-right:auto;margin-left:auto;text-align:center;font-size:var(--global-kb-font-size-sm, 0.9rem);font-style:normal;}.wp-block-kadence-advancedheading.kt-adv-heading29_20250e-a8 mark.kt-highlight, .wp-block-kadence-advancedheading.kt-adv-heading29_20250e-a8[data-kb-block=\"kb-adv-heading29_20250e-a8\"] mark.kt-highlight{font-style:normal;color:#f76a0c;-webkit-box-decoration-break:clone;box-decoration-break:clone;padding-top:0px;padding-right:0px;padding-bottom:0px;padding-left:0px;}<\/style>\n<p class=\"kt-adv-heading29_20250e-a8 wp-block-kadence-advancedheading has-theme-palette-3-color has-text-color\" data-kb-block=\"kb-adv-heading29_20250e-a8\">Zanima li vas ogla\u0161avanje na mre\u017ei digitalnih zaslona u autobusima u Hrvatskoj? Trebate dodatne informacije koje niste prona\u0161li na na\u0161oj web stranici? Ispunite kontaktni obrazac i po\u0161aljite nam svoje pitanje.<\/p>\n\n\n<style>.wp-block-kadence-form.kadence-form-29_a5cfa5-b0.kb-form-wrap{margin-top:0px;margin-bottom:0px;}.kadence-form-29_a5cfa5-b0 .kb-form .kadence-blocks-form-field .kb-text-style-field, .kadence-form-29_a5cfa5-b0 .kb-form .kadence-blocks-form-field .kb-select-style-field{color:var(--global-palette3, #1A202C);border-radius:0px;border-width:0px 0px 2px 0px;background:rgba(0, 0, 0, 0);}.kadence-form-29_a5cfa5-b0 .kb-form .kadence-blocks-form-field > label{color:#4d555b;font-size:var(--global-kb-font-size-sm, 0.9rem);}.kadence-form-29_a5cfa5-b0 .kb-form .kadence-blocks-form-field .kb-forms-submit{color:#4d555b;border-radius:5px;background:#d6df2b;}.kadence-form-29_a5cfa5-b0 .kb-form .kadence-blocks-form-field .kb-forms-submit:hover, .kadence-form-29_a5cfa5-b0 .kb-form .kadence-blocks-form-field .kb-forms-submit:focus {background:var(--global-palette2, #2B6CB0);}.kadence-form-29_a5cfa5-b0 .kb-form .kadence-blocks-form-field .kb-forms-submit{font-size:var(--global-kb-font-size-sm, 0.9rem);letter-spacing:1px;text-transform:uppercase;font-weight:600;}<\/style>\n<div class=\"wp-block-kadence-form kadence-form-29_a5cfa5-b0 kb-form-wrap\"><form class=\"kb-form\" action=\"\" method=\"post\"><div class=\"kadence-blocks-form-field kb-field-desk-width-100 kb-input-size-standard\"><label for=\"kb_field_29_a5cfa5-b0_0\">Ime i prezime<span class=\"required\">*<\/span><\/label><input name=\"kb_field_0\" id=\"kb_field_29_a5cfa5-b0_0\" data-label=\"Ime i prezime\" type=\"text\" placeholder=\"\" value=\"\" data-type=\"text\" class=\"kb-field kb-text-style-field kb-text-field kb-field-0\" data-required=\"yes\"\/><\/div><div class=\"kadence-blocks-form-field kb-form-field-1 kb-field-desk-width-100 kb-input-size-standard\"><label for=\"kb_field_29_a5cfa5-b0_1\">Tvrtka<span class=\"required\">*<\/span><\/label><input name=\"kb_field_1\" id=\"kb_field_29_a5cfa5-b0_1\" data-label=\"Tvrtka\" type=\"text\" placeholder=\"\" value=\"\" data-type=\"text\" class=\"kb-field kb-text-style-field kb-text-field kb-field-1\" data-required=\"yes\"\/><\/div><div class=\"kadence-blocks-form-field kb-form-field-2 kb-field-desk-width-100 kb-input-size-standard\"><label for=\"kb_field_29_a5cfa5-b0_2\">Email<span class=\"required\">*<\/span><\/label><input name=\"kb_field_2\" id=\"kb_field_29_a5cfa5-b0_2\" data-label=\"Email\" type=\"email\" placeholder=\"\" value=\"\" data-type=\"email\" class=\"kb-field kb-text-style-field kb-email-field kb-field-2\" data-required=\"yes\"\/><\/div><div class=\"kadence-blocks-form-field kb-form-field-3 kb-field-desk-width-50 kb-input-size-standard\"><label for=\"kb_field_29_a5cfa5-b0_3\">Telefonski broj<span class=\"required\">*<\/span><\/label><input name=\"kb_field_3\" id=\"kb_field_29_a5cfa5-b0_3\" data-label=\"Telefonski broj\" type=\"tel\" placeholder=\"\" value=\"\" data-type=\"tel\" class=\"kb-field kb-text-style-field kb-tel-field kb-field-3\" data-required=\"yes\"\/><\/div><div class=\"kadence-blocks-form-field kb-form-field-4 kb-field-desk-width-50 kb-input-size-standard\"><label for=\"kb_field_29_a5cfa5-b0_4\">Naslov poruke<\/label><input name=\"kb_field_4\" id=\"kb_field_29_a5cfa5-b0_4\" data-label=\"Naslov poruke\" type=\"text\" placeholder=\"\" value=\"\" data-type=\"text\" class=\"kb-field kb-text-style-field kb-text-field kb-field-4\"\/><\/div><div class=\"kadence-blocks-form-field kb-form-field-5 kb-field-desk-width-100 kb-input-size-standard\"><label for=\"kb_field_29_a5cfa5-b0_5\">Poruka<span class=\"required\">*<\/span><\/label><textarea name=\"kb_field_5\" id=\"kb_field_29_a5cfa5-b0_5\" data-label=\"Poruka\" type=\"textarea\" placeholder=\"\" data-type=\"textarea\" class=\"kb-field kb-text-style-field kb-textarea-field kb-field-5\" rows=\"4\" data-required=\"yes\"><\/textarea><\/div><input type=\"hidden\" name=\"_kb_form_id\" value=\"29_a5cfa5-b0\"\/><input type=\"hidden\" name=\"_kb_form_post_id\" value=\"29\"\/><input type=\"hidden\" name=\"action\" value=\"kb_process_ajax_submit\"\/><input class=\"kadence-blocks-field verify\" type=\"text\" name=\"_kb_verify_email\" autocomplete=\"new-password\" aria-hidden=\"true\" placeholder=\"Email\" tabindex=\"-1\" data-1p-ignore=\"true\" data-lpignore=\"true\" \/><div class=\"kadence-blocks-form-field kb-submit-field kb-field-desk-width-100\"><button class=\"kb-forms-submit button kb-button-size-standard kb-button-width-full\">PO\u0160ALJI PORUKU<\/button><\/div><\/form><\/div>\n<noscript><div class=\"kadence-blocks-form-message kadence-blocks-form-warning\">Please enable JavaScript in your browser to submit the form<\/div><style>.kadence-form-29_a5cfa5-b0 .kadence-blocks-form-field.kb-submit-field { display: none; }<\/style><\/noscript><\/div><\/div>\n\n<\/div><\/div>","protected":false},"excerpt":{"rendered":"<p>KONTAKT Zanima li vas ogla\u0161avanje na mre\u017ei digitalnih zaslona u autobusima u Hrvatskoj? Trebate dodatne informacije koje niste prona\u0161li na na\u0161oj web stranici? Ispunite kontaktni obrazac i po\u0161aljite nam svoje pitanje.<\/p>\n","protected":false},"author":1,"featured_media":0,"parent":0,"menu_order":0,"comment_status":"closed","ping_status":"closed","template":"","meta":{"_kad_blocks_custom_css":"","_kad_blocks_head_custom_js":"","_kad_blocks_body_custom_js":"","_kad_blocks_footer_custom_js":"","_kadence_starter_templates_imported_post":false,"_kad_post_transparent":"","_kad_post_title":"hide","_kad_post_layout":"","_kad_post_sidebar_id":"","_kad_post_content_style":"","_kad_post_vertical_padding":"","_kad_post_feature":"","_kad_post_feature_position":"","_kad_post_header":false,"_kad_post_footer":false,"footnotes":""},"class_list":["post-29","page","type-page","status-publish","hentry"],"taxonomy_info":[],"featured_image_src_large":false,"author_info":{"display_name":"admin","author_link":"https:\/\/www.zaslon-media.hr\/index.php\/author\/zaslonadmin\/"},"comment_info":0,"_links":{"self":[{"href":"https:\/\/www.zaslon-media.hr\/index.php\/wp-json\/wp\/v2\/pages\/29","targetHints":{"allow":["GET"]}}],"collection":[{"href":"https:\/\/www.zaslon-media.hr\/index.php\/wp-json\/wp\/v2\/pages"}],"about":[{"href":"https:\/\/www.zaslon-media.hr\/index.php\/wp-json\/wp\/v2\/types\/page"}],"author":[{"embeddable":true,"href":"https:\/\/www.zaslon-media.hr\/index.php\/wp-json\/wp\/v2\/users\/1"}],"replies":[{"embeddable":true,"href":"https:\/\/www.zaslon-media.hr\/index.php\/wp-json\/wp\/v2\/comments?post=29"}],"version-history":[{"count":5,"href":"https:\/\/www.zaslon-media.hr\/index.php\/wp-json\/wp\/v2\/pages\/29\/revisions"}],"predecessor-version":[{"id":126,"href":"https:\/\/www.zaslon-media.hr\/index.php\/wp-json\/wp\/v2\/pages\/29\/revisions\/126"}],"wp:attachment":[{"href":"https:\/\/www.zaslon-media.hr\/index.php\/wp-json\/wp\/v2\/media?parent=29"}],"curies":[{"name":"wp","href":"https:\/\/api.w.org\/{rel}","templated":true}]}}